{"id":395,"date":"2025-06-12T09:57:08","date_gmt":"2025-06-12T07:57:08","guid":{"rendered":"https:\/\/europevoyages-madagascartours.com\/?page_id=395"},"modified":"2025-06-12T13:58:44","modified_gmt":"2025-06-12T11:58:44","slug":"reservation","status":"publish","type":"page","link":"https:\/\/europevoyages-madagascartours.com\/en\/reservation\/","title":{"rendered":"Reservation"},"content":{"rendered":"<div data-aos= \"fade-down\" data-aos-duration=\"400\" data-aos-delay=\"0\" data-aos-easing=\"ease\" data-aos-once=\"true\" class=\"wp-block-uagb-container uagb-block-93b94c88 alignfull uagb-is-root-container\"><div class=\"uagb-container__shape uagb-container__shape-bottom uagb-container__invert\" data-negative=\"false\"><svg xmlns=\"https:\/\/www.w3.org\/2000\/svg\" viewbox=\"0 0 283.5 19.6\" preserveaspectratio=\"none\"><path class=\"uagb-container__shape-fill\" opacity=\"0.33\" d=\"M0 0L0 18.8 141.8 4.1 283.5 18.8 283.5 0z\"><\/path><path class=\"uagb-container__shape-fill\" opacity=\"0.33\" d=\"M0 0L0 12.6 141.8 4 283.5 12.6 283.5 0z\"><\/path><path class=\"uagb-container__shape-fill\" opacity=\"0.33\" d=\"M0 0L0 6.4 141.8 4 283.5 6.4 283.5 0z\"><\/path><path class=\"uagb-container__shape-fill\" d=\"M0 0L0 1.2 141.8 4 283.5 1.2 283.5 0z\"><\/path><\/svg><\/div><div class=\"uagb-container-inner-blocks-wrap\">\n<div class=\"wp-block-uagb-advanced-heading uagb-block-8a1eebc0\"><h1 class=\"uagb-heading-text\">Booking<\/h1><\/div>\n<\/div><\/div>\n\n\n\n<div class=\"wp-block-uagb-container uagb-block-6826f4ab alignfull uagb-is-root-container\"><div class=\"uagb-container-inner-blocks-wrap\">\n<div data-aos= \"fade-up\" data-aos-duration=\"400\" data-aos-delay=\"0\" data-aos-easing=\"ease\" data-aos-once=\"true\" class=\"wp-block-uagb-container uagb-block-38cde86a\">\n<div class=\"wp-block-uagb-advanced-heading uagb-block-ae4fc204\"><h2 class=\"uagb-heading-text\">Please fill out the form below to make your booking. We will confirm it promptly by email or phone.<\/h2><\/div>\n\n\n\n<div class=\"wpcf7 no-js\" id=\"wpcf7-f409-o1\" lang=\"fr-FR\" dir=\"ltr\" data-wpcf7-id=\"409\">\n<div class=\"screen-reader-response\"><p role=\"status\" aria-live=\"polite\" aria-atomic=\"true\"><\/p> <ul><\/ul><\/div>\n<form action=\"\/en\/wp-json\/wp\/v2\/pages\/395#wpcf7-f409-o1\" method=\"post\" class=\"wpcf7-form init\" aria-label=\"Formulaire de contact\" novalidate=\"novalidate\" data-status=\"init\" data-trp-original-action=\"\/en\/wp-json\/wp\/v2\/pages\/395#wpcf7-f409-o1\">\n<div style=\"display: none;\">\n<input type=\"hidden\" name=\"_wpcf7\" value=\"409\" \/>\n<input type=\"hidden\" name=\"_wpcf7_version\" value=\"6.0.6\" \/>\n<input type=\"hidden\" name=\"_wpcf7_locale\" value=\"fr_FR\" \/>\n<input type=\"hidden\" name=\"_wpcf7_unit_tag\" value=\"wpcf7-f409-o1\" \/>\n<input type=\"hidden\" name=\"_wpcf7_container_post\" value=\"0\" \/>\n<input type=\"hidden\" name=\"_wpcf7_posted_data_hash\" value=\"\" \/>\n<\/div>\n<p><label> Your Name<br \/>\n<span class=\"wpcf7-form-control-wrap\" data-name=\"your-name\"><input size=\"40\" maxlength=\"400\" class=\"wpcf7-form-control wpcf7-text wpcf7-validates-as-required\" autocomplete=\"name\" aria-required=\"true\" aria-invalid=\"false\" value=\"\" type=\"text\" name=\"your-name\" \/><\/span> <\/label>\n<\/p>\n<p><label> Your Email<br \/>\n<span class=\"wpcf7-form-control-wrap\" data-name=\"your-email\"><input size=\"40\" maxlength=\"400\" class=\"wpcf7-form-control wpcf7-email wpcf7-validates-as-required wpcf7-text wpcf7-validates-as-email\" autocomplete=\"email\" aria-required=\"true\" aria-invalid=\"false\" value=\"\" type=\"email\" name=\"your-email\" \/><\/span> <\/label>\n<\/p>\n<p><label> Phone Number<br \/>\n<span class=\"wpcf7-form-control-wrap\" data-name=\"tel-758\"><input size=\"40\" maxlength=\"400\" class=\"wpcf7-form-control wpcf7-tel wpcf7-validates-as-required wpcf7-text wpcf7-validates-as-tel\" aria-required=\"true\" aria-invalid=\"false\" value=\"\" type=\"tel\" name=\"tel-758\" \/><\/span> <\/label>\n<\/p>\n<p><label> Number of adults<br \/>\n<span class=\"wpcf7-form-control-wrap\" data-name=\"number-91\"><input class=\"wpcf7-form-control wpcf7-number wpcf7-validates-as-number\" min=\"1\" aria-invalid=\"false\" value=\"\" type=\"number\" name=\"number-91\" \/><\/span> <\/label>\n<\/p>\n<p><label> Number of children<br \/>\n<span class=\"wpcf7-form-control-wrap\" data-name=\"number-219\"><input class=\"wpcf7-form-control wpcf7-number wpcf7-validates-as-number\" min=\"1\" aria-invalid=\"false\" value=\"\" type=\"number\" name=\"number-219\" \/><\/span> <\/label>\n<\/p>\n<p><label> Subject<br \/>\n<span class=\"wpcf7-form-control-wrap\" data-name=\"your-subject\"><input size=\"40\" maxlength=\"400\" class=\"wpcf7-form-control wpcf7-text wpcf7-validates-as-required\" aria-required=\"true\" aria-invalid=\"false\" value=\"\" type=\"text\" name=\"your-subject\" \/><\/span> <\/label>\n<\/p>\n<p><label> Your message (optional)<br \/>\n<span class=\"wpcf7-form-control-wrap\" data-name=\"your-message\"><textarea cols=\"40\" rows=\"10\" maxlength=\"2000\" class=\"wpcf7-form-control wpcf7-textarea\" aria-invalid=\"false\" name=\"your-message\"><\/textarea><\/span> <\/label>\n<\/p>\n<p><input class=\"wpcf7-form-control wpcf7-submit has-spinner\" type=\"submit\" value=\"Send\" \/>\n<\/p><div class=\"wpcf7-response-output\" aria-hidden=\"true\"><\/div>\n<input type=\"hidden\" name=\"trp-form-language\" value=\"en\"\/><\/form>\n<\/div>\n\n<\/div>\n<\/div><\/div>","protected":false},"excerpt":{"rendered":"<p>R\u00e9servation Remplissez le formulaire ci-dessous pour effectuer votre r\u00e9servation. Nous vous confirmerons rapidement par e-mail ou t\u00e9l\u00e9phone.<\/p>","protected":false},"author":2,"featured_media":0,"parent":0,"menu_order":0,"comment_status":"closed","ping_status":"closed","template":"","meta":{"_uag_custom_page_level_css":"","site-sidebar-layout":"default","site-content-layout":"","ast-site-content-layout":"","site-content-style":"default","site-sidebar-style":"default","ast-global-header-display":"","ast-banner-title-visibility":"","ast-main-header-display":"","ast-hfb-above-header-display":"","ast-hfb-below-header-display":"","ast-hfb-mobile-header-display":"","site-post-title":"disabled","ast-breadcrumbs-content":"","ast-featured-img":"","footer-sml-layout":"","theme-transparent-header-meta":"","adv-header-id-meta":"","stick-header-meta":"","header-above-stick-meta":"","header-main-stick-meta":"","header-below-stick-meta":"","astra-migrate-meta-layouts":"default","ast-page-background-enabled":"default","ast-page-background-meta":{"desktop":{"background-color":"var(--ast-global-color-5)","background-image":"","background-repeat":"repeat","background-position":"center center","background-size":"auto","background-attachment":"scroll","background-type":"","background-media":"","overlay-type":"","overlay-color":"","overlay-opacity":"","overlay-gradient":""},"tablet":{"background-color":"","background-image":"","background-repeat":"repeat","background-position":"center center","background-size":"auto","background-attachment":"scroll","background-type":"","background-media":"","overlay-type":"","overlay-color":"","overlay-opacity":"","overlay-gradient":""},"mobile":{"background-color":"","background-image":"","background-repeat":"repeat","background-position":"center center","background-size":"auto","background-attachment":"scroll","background-type":"","background-media":"","overlay-type":"","overlay-color":"","overlay-opacity":"","overlay-gradient":""}},"ast-content-background-meta":{"desktop":{"background-color":"var(--ast-global-color-4)","background-image":"","background-repeat":"repeat","background-position":"center center","background-size":"auto","background-attachment":"scroll","background-type":"","background-media":"","overlay-type":"","overlay-color":"","overlay-opacity":"","overlay-gradient":""},"tablet":{"background-color":"var(--ast-global-color-4)","background-image":"","background-repeat":"repeat","background-position":"center center","background-size":"auto","background-attachment":"scroll","background-type":"","background-media":"","overlay-type":"","overlay-color":"","overlay-opacity":"","overlay-gradient":""},"mobile":{"background-color":"var(--ast-global-color-4)","background-image":"","background-repeat":"repeat","background-position":"center center","background-size":"auto","background-attachment":"scroll","background-type":"","background-media":"","overlay-type":"","overlay-color":"","overlay-opacity":"","overlay-gradient":""}},"_joinchat":[],"footnotes":""},"class_list":["post-395","page","type-page","status-publish","hentry"],"yoast_head":"<!-- This site is optimized with the Yoast SEO plugin v25.3 - https:\/\/yoast.com\/wordpress\/plugins\/seo\/ -->\n<title>Reservation | Europe Voyages - Madagascar Tours<\/title>\n<meta name=\"robots\" content=\"index, follow, max-snippet:-1, max-image-preview:large, max-video-preview:-1\" \/>\n<link rel=\"canonical\" href=\"https:\/\/europevoyages-madagascartours.com\/en\/reservation\/\" \/>\n<meta property=\"og:locale\" content=\"en_GB\" \/>\n<meta property=\"og:type\" content=\"article\" \/>\n<meta property=\"og:title\" content=\"Reservation | Europe Voyages - Madagascar Tours\" \/>\n<meta property=\"og:description\" content=\"R\u00e9servation Remplissez le formulaire ci-dessous pour effectuer votre r\u00e9servation. Nous vous confirmerons rapidement par e-mail ou t\u00e9l\u00e9phone.\" \/>\n<meta property=\"og:url\" content=\"https:\/\/europevoyages-madagascartours.com\/en\/reservation\/\" \/>\n<meta property=\"og:site_name\" content=\"Europe Voyages - Madagascar Tours\" \/>\n<meta property=\"article:modified_time\" content=\"2025-06-12T11:58:44+00:00\" \/>\n<meta property=\"og:image\" content=\"https:\/\/europevoyages-madagascartours.com\/wp-content\/uploads\/2025\/06\/square-1.png\" \/>\n\t<meta property=\"og:image:width\" content=\"512\" \/>\n\t<meta property=\"og:image:height\" content=\"512\" \/>\n\t<meta property=\"og:image:type\" content=\"image\/png\" \/>\n<meta name=\"twitter:card\" content=\"summary_large_image\" \/>\n<meta name=\"twitter:label1\" content=\"Estimated reading time\" \/>\n\t<meta name=\"twitter:data1\" content=\"1 minute\" \/>\n<script type=\"application\/ld+json\" class=\"yoast-schema-graph\">{\"@context\":\"https:\/\/schema.org\",\"@graph\":[{\"@type\":\"WebPage\",\"@id\":\"https:\/\/europevoyages-madagascartours.com\/en\/reservation\/\",\"url\":\"https:\/\/europevoyages-madagascartours.com\/en\/reservation\/\",\"name\":\"Reservation | Europe Voyages - Madagascar Tours\",\"isPartOf\":{\"@id\":\"https:\/\/europevoyages-madagascartours.com\/#website\"},\"datePublished\":\"2025-06-12T07:57:08+00:00\",\"dateModified\":\"2025-06-12T11:58:44+00:00\",\"breadcrumb\":{\"@id\":\"https:\/\/europevoyages-madagascartours.com\/en\/reservation\/#breadcrumb\"},\"inLanguage\":\"en-GB\",\"potentialAction\":[{\"@type\":\"ReadAction\",\"target\":[\"https:\/\/europevoyages-madagascartours.com\/en\/reservation\/\"]}]},{\"@type\":\"BreadcrumbList\",\"@id\":\"https:\/\/europevoyages-madagascartours.com\/en\/reservation\/#breadcrumb\",\"itemListElement\":[{\"@type\":\"ListItem\",\"position\":1,\"name\":\"Accueil\",\"item\":\"https:\/\/europevoyages-madagascartours.com\/\"},{\"@type\":\"ListItem\",\"position\":2,\"name\":\"Reservation\"}]},{\"@type\":\"WebSite\",\"@id\":\"https:\/\/europevoyages-madagascartours.com\/#website\",\"url\":\"https:\/\/europevoyages-madagascartours.com\/\",\"name\":\"Europe Voyages - Madagascar Tours\",\"description\":\"Circuits touristiques personnalis\u00e9s &amp; voyages en groupe\",\"publisher\":{\"@id\":\"https:\/\/europevoyages-madagascartours.com\/#organization\"},\"alternateName\":\"Europevoyages\",\"potentialAction\":[{\"@type\":\"SearchAction\",\"target\":{\"@type\":\"EntryPoint\",\"urlTemplate\":\"https:\/\/europevoyages-madagascartours.com\/?s={search_term_string}\"},\"query-input\":{\"@type\":\"PropertyValueSpecification\",\"valueRequired\":true,\"valueName\":\"search_term_string\"}}],\"inLanguage\":\"en-GB\"},{\"@type\":\"Organization\",\"@id\":\"https:\/\/europevoyages-madagascartours.com\/#organization\",\"name\":\"Europevoyages-madagascartours\",\"url\":\"https:\/\/europevoyages-madagascartours.com\/\",\"logo\":{\"@type\":\"ImageObject\",\"inLanguage\":\"en-GB\",\"@id\":\"https:\/\/europevoyages-madagascartours.com\/#\/schema\/logo\/image\/\",\"url\":\"https:\/\/europevoyages-madagascartours.com\/wp-content\/uploads\/2025\/06\/logoev.gif\",\"contentUrl\":\"https:\/\/europevoyages-madagascartours.com\/wp-content\/uploads\/2025\/06\/logoev.gif\",\"width\":340,\"height\":227,\"caption\":\"Europevoyages-madagascartours\"},\"image\":{\"@id\":\"https:\/\/europevoyages-madagascartours.com\/#\/schema\/logo\/image\/\"}}]}<\/script>\n<!-- \/ Yoast SEO plugin. -->","yoast_head_json":{"title":"Reservation | Europe Voyages - Madagascar Tours","robots":{"index":"index","follow":"follow","max-snippet":"max-snippet:-1","max-image-preview":"max-image-preview:large","max-video-preview":"max-video-preview:-1"},"canonical":"https:\/\/europevoyages-madagascartours.com\/en\/reservation\/","og_locale":"en_GB","og_type":"article","og_title":"Reservation | Europe Voyages - Madagascar Tours","og_description":"R\u00e9servation Remplissez le formulaire ci-dessous pour effectuer votre r\u00e9servation. Nous vous confirmerons rapidement par e-mail ou t\u00e9l\u00e9phone.","og_url":"https:\/\/europevoyages-madagascartours.com\/en\/reservation\/","og_site_name":"Europe Voyages - Madagascar Tours","article_modified_time":"2025-06-12T11:58:44+00:00","og_image":[{"width":512,"height":512,"url":"https:\/\/europevoyages-madagascartours.com\/wp-content\/uploads\/2025\/06\/square-1.png","type":"image\/png"}],"twitter_card":"summary_large_image","twitter_misc":{"Estimated reading time":"1 minute"},"schema":{"@context":"https:\/\/schema.org","@graph":[{"@type":"WebPage","@id":"https:\/\/europevoyages-madagascartours.com\/en\/reservation\/","url":"https:\/\/europevoyages-madagascartours.com\/en\/reservation\/","name":"Reservation | Europe Voyages - Madagascar Tours","isPartOf":{"@id":"https:\/\/europevoyages-madagascartours.com\/#website"},"datePublished":"2025-06-12T07:57:08+00:00","dateModified":"2025-06-12T11:58:44+00:00","breadcrumb":{"@id":"https:\/\/europevoyages-madagascartours.com\/en\/reservation\/#breadcrumb"},"inLanguage":"en-GB","potentialAction":[{"@type":"ReadAction","target":["https:\/\/europevoyages-madagascartours.com\/en\/reservation\/"]}]},{"@type":"BreadcrumbList","@id":"https:\/\/europevoyages-madagascartours.com\/en\/reservation\/#breadcrumb","itemListElement":[{"@type":"ListItem","position":1,"name":"Accueil","item":"https:\/\/europevoyages-madagascartours.com\/"},{"@type":"ListItem","position":2,"name":"Reservation"}]},{"@type":"WebSite","@id":"https:\/\/europevoyages-madagascartours.com\/#website","url":"https:\/\/europevoyages-madagascartours.com\/","name":"Europe Voyages - Madagascar Tours","description":"Circuits touristiques personnalis\u00e9s &amp; voyages en groupe","publisher":{"@id":"https:\/\/europevoyages-madagascartours.com\/#organization"},"alternateName":"Europevoyages","potentialAction":[{"@type":"SearchAction","target":{"@type":"EntryPoint","urlTemplate":"https:\/\/europevoyages-madagascartours.com\/?s={search_term_string}"},"query-input":{"@type":"PropertyValueSpecification","valueRequired":true,"valueName":"search_term_string"}}],"inLanguage":"en-GB"},{"@type":"Organization","@id":"https:\/\/europevoyages-madagascartours.com\/#organization","name":"Europevoyages-madagascartours","url":"https:\/\/europevoyages-madagascartours.com\/","logo":{"@type":"ImageObject","inLanguage":"en-GB","@id":"https:\/\/europevoyages-madagascartours.com\/#\/schema\/logo\/image\/","url":"https:\/\/europevoyages-madagascartours.com\/wp-content\/uploads\/2025\/06\/logoev.gif","contentUrl":"https:\/\/europevoyages-madagascartours.com\/wp-content\/uploads\/2025\/06\/logoev.gif","width":340,"height":227,"caption":"Europevoyages-madagascartours"},"image":{"@id":"https:\/\/europevoyages-madagascartours.com\/#\/schema\/logo\/image\/"}}]}},"uagb_featured_image_src":{"full":false,"thumbnail":false,"medium":false,"medium_large":false,"large":false,"1536x1536":false,"2048x2048":false,"trp-custom-language-flag":false},"uagb_author_info":{"display_name":"herve besson","author_link":"https:\/\/europevoyages-madagascartours.com\/en\/author\/admin_herve\/"},"uagb_comment_info":0,"uagb_excerpt":"R\u00e9servation Remplissez le formulaire ci-dessous pour effectuer votre r\u00e9servation. Nous vous confirmerons rapidement par e-mail ou t\u00e9l\u00e9phone.","_links":{"self":[{"href":"https:\/\/europevoyages-madagascartours.com\/en\/wp-json\/wp\/v2\/pages\/395","targetHints":{"allow":["GET"]}}],"collection":[{"href":"https:\/\/europevoyages-madagascartours.com\/en\/wp-json\/wp\/v2\/pages"}],"about":[{"href":"https:\/\/europevoyages-madagascartours.com\/en\/wp-json\/wp\/v2\/types\/page"}],"author":[{"embeddable":true,"href":"https:\/\/europevoyages-madagascartours.com\/en\/wp-json\/wp\/v2\/users\/2"}],"replies":[{"embeddable":true,"href":"https:\/\/europevoyages-madagascartours.com\/en\/wp-json\/wp\/v2\/comments?post=395"}],"version-history":[{"count":6,"href":"https:\/\/europevoyages-madagascartours.com\/en\/wp-json\/wp\/v2\/pages\/395\/revisions"}],"predecessor-version":[{"id":636,"href":"https:\/\/europevoyages-madagascartours.com\/en\/wp-json\/wp\/v2\/pages\/395\/revisions\/636"}],"wp:attachment":[{"href":"https:\/\/europevoyages-madagascartours.com\/en\/wp-json\/wp\/v2\/media?parent=395"}],"curies":[{"name":"wp","href":"https:\/\/api.w.org\/{rel}","templated":true}]}}