{"id":467,"date":"2025-06-12T10:53:40","date_gmt":"2025-06-12T08:53:40","guid":{"rendered":"https:\/\/europevoyages-madagascartours.com\/?page_id=467"},"modified":"2025-06-12T13:11:19","modified_gmt":"2025-06-12T11:11:19","slug":"a-travers-la-foret-vierge","status":"publish","type":"page","link":"https:\/\/europevoyages-madagascartours.com\/en\/a-travers-la-foret-vierge\/","title":{"rendered":"Through the rainforest"},"content":{"rendered":"<div data-aos= \"fade-down\" data-aos-duration=\"400\" data-aos-delay=\"0\" data-aos-easing=\"ease\" data-aos-once=\"true\" class=\"wp-block-uagb-container uagb-block-3ad17e27 alignfull uagb-is-root-container\"><div class=\"uagb-container__shape uagb-container__shape-bottom uagb-container__invert\" data-negative=\"false\"><svg xmlns=\"https:\/\/www.w3.org\/2000\/svg\" viewbox=\"0 0 283.5 19.6\" preserveaspectratio=\"none\"><path class=\"uagb-container__shape-fill\" opacity=\"0.33\" d=\"M0 0L0 18.8 141.8 4.1 283.5 18.8 283.5 0z\"><\/path><path class=\"uagb-container__shape-fill\" opacity=\"0.33\" d=\"M0 0L0 12.6 141.8 4 283.5 12.6 283.5 0z\"><\/path><path class=\"uagb-container__shape-fill\" opacity=\"0.33\" d=\"M0 0L0 6.4 141.8 4 283.5 6.4 283.5 0z\"><\/path><path class=\"uagb-container__shape-fill\" d=\"M0 0L0 1.2 141.8 4 283.5 1.2 283.5 0z\"><\/path><\/svg><\/div><div class=\"uagb-container-inner-blocks-wrap\">\n<div class=\"wp-block-uagb-advanced-heading uagb-block-8a1eebc0\"><h1 class=\"uagb-heading-text\">Through the rainforest<\/h1><\/div>\n<\/div><\/div>\n\n\n\n<div data-aos= \"fade-up\" data-aos-duration=\"400\" data-aos-delay=\"0\" data-aos-easing=\"ease\" data-aos-once=\"true\" class=\"wp-block-uagb-container uagb-block-b19d6741 alignfull uagb-is-root-container\"><div class=\"uagb-container-inner-blocks-wrap\">\n<div class=\"wp-block-media-text is-stacked-on-mobile\"><figure class=\"wp-block-media-text__media\"><img loading=\"lazy\" decoding=\"async\" width=\"1000\" height=\"664\" src=\"https:\/\/europevoyages-madagascartours.com\/wp-content\/uploads\/2025\/06\/detours_madagascar_manakara_train_fce.jpg\" alt=\"\" class=\"wp-image-468 size-full\" srcset=\"https:\/\/europevoyages-madagascartours.com\/wp-content\/uploads\/2025\/06\/detours_madagascar_manakara_train_fce.jpg 1000w, https:\/\/europevoyages-madagascartours.com\/wp-content\/uploads\/2025\/06\/detours_madagascar_manakara_train_fce-300x199.jpg 300w, https:\/\/europevoyages-madagascartours.com\/wp-content\/uploads\/2025\/06\/detours_madagascar_manakara_train_fce-768x510.jpg 768w, https:\/\/europevoyages-madagascartours.com\/wp-content\/uploads\/2025\/06\/detours_madagascar_manakara_train_fce-18x12.jpg 18w\" sizes=\"auto, (max-width: 1000px) 100vw, 1000px\" \/><\/figure><div class=\"wp-block-media-text__content\">\n<p>The train journey offers you an exceptional adventure through a tropical forest with splendid views of the surrounding landscape. During the trip, you will cross thirty bridges and 35 tunnels.<\/p>\n<\/div><\/div>\n<\/div><\/div>\n\n\n\n<div data-aos= \"fade-up\" data-aos-duration=\"400\" data-aos-delay=\"0\" data-aos-easing=\"ease\" data-aos-once=\"true\" class=\"wp-block-uagb-container uagb-block-b6e5514b alignfull uagb-is-root-container\"><div class=\"uagb-container-inner-blocks-wrap\">\n<div class=\"wp-block-media-text has-media-on-the-right is-stacked-on-mobile\"><div class=\"wp-block-media-text__content\">\n<p>At each village stop, you\u2019ll have the chance to experience the local culture and buy local products such as fresh fruits...<\/p>\n<\/div><figure class=\"wp-block-media-text__media\"><img loading=\"lazy\" decoding=\"async\" width=\"306\" height=\"454\" src=\"https:\/\/europevoyages-madagascartours.com\/wp-content\/uploads\/2025\/06\/trainversmanakara.jpg\" alt=\"\" class=\"wp-image-469 size-full\" srcset=\"https:\/\/europevoyages-madagascartours.com\/wp-content\/uploads\/2025\/06\/trainversmanakara.jpg 306w, https:\/\/europevoyages-madagascartours.com\/wp-content\/uploads\/2025\/06\/trainversmanakara-202x300.jpg 202w, https:\/\/europevoyages-madagascartours.com\/wp-content\/uploads\/2025\/06\/trainversmanakara-8x12.jpg 8w\" sizes=\"auto, (max-width: 306px) 100vw, 306px\" \/><\/figure><\/div>\n<\/div><\/div>","protected":false},"excerpt":{"rendered":"<p>A travers la for\u00eat vierge Le voyage en train vous offre une aventure exceptionnel \u00e0 travers une for\u00eat tropicale avec [&hellip;]<\/p>","protected":false},"author":2,"featured_media":0,"parent":0,"menu_order":0,"comment_status":"closed","ping_status":"closed","template":"","meta":{"_uag_custom_page_level_css":"","site-sidebar-layout":"default","site-content-layout":"","ast-site-content-layout":"","site-content-style":"default","site-sidebar-style":"default","ast-global-header-display":"","ast-banner-title-visibility":"","ast-main-header-display":"","ast-hfb-above-header-display":"","ast-hfb-below-header-display":"","ast-hfb-mobile-header-display":"","site-post-title":"disabled","ast-breadcrumbs-content":"","ast-featured-img":"","footer-sml-layout":"","theme-transparent-header-meta":"","adv-header-id-meta":"","stick-header-meta":"","header-above-stick-meta":"","header-main-stick-meta":"","header-below-stick-meta":"","astra-migrate-meta-layouts":"default","ast-page-background-enabled":"default","ast-page-background-meta":{"desktop":{"background-color":"var(--ast-global-color-5)","background-image":"","background-repeat":"repeat","background-position":"center center","background-size":"auto","background-attachment":"scroll","background-type":"","background-media":"","overlay-type":"","overlay-color":"","overlay-opacity":"","overlay-gradient":""},"tablet":{"background-color":"","background-image":"","background-repeat":"repeat","background-position":"center center","background-size":"auto","background-attachment":"scroll","background-type":"","background-media":"","overlay-type":"","overlay-color":"","overlay-opacity":"","overlay-gradient":""},"mobile":{"background-color":"","background-image":"","background-repeat":"repeat","background-position":"center center","background-size":"auto","background-attachment":"scroll","background-type":"","background-media":"","overlay-type":"","overlay-color":"","overlay-opacity":"","overlay-gradient":""}},"ast-content-background-meta":{"desktop":{"background-color":"var(--ast-global-color-4)","background-image":"","background-repeat":"repeat","background-position":"center center","background-size":"auto","background-attachment":"scroll","background-type":"","background-media":"","overlay-type":"","overlay-color":"","overlay-opacity":"","overlay-gradient":""},"tablet":{"background-color":"var(--ast-global-color-4)","background-image":"","background-repeat":"repeat","background-position":"center center","background-size":"auto","background-attachment":"scroll","background-type":"","background-media":"","overlay-type":"","overlay-color":"","overlay-opacity":"","overlay-gradient":""},"mobile":{"background-color":"var(--ast-global-color-4)","background-image":"","background-repeat":"repeat","background-position":"center center","background-size":"auto","background-attachment":"scroll","background-type":"","background-media":"","overlay-type":"","overlay-color":"","overlay-opacity":"","overlay-gradient":""}},"_joinchat":[],"footnotes":""},"class_list":["post-467","page","type-page","status-publish","hentry"],"yoast_head":"<!-- This site is optimized with the Yoast SEO plugin v25.3 - https:\/\/yoast.com\/wordpress\/plugins\/seo\/ -->\n<title>A travers la for\u00eat vierge | Europe Voyages - Madagascar Tours<\/title>\n<meta name=\"robots\" content=\"index, follow, max-snippet:-1, max-image-preview:large, max-video-preview:-1\" \/>\n<link rel=\"canonical\" href=\"https:\/\/europevoyages-madagascartours.com\/en\/a-travers-la-foret-vierge\/\" \/>\n<meta property=\"og:locale\" content=\"en_GB\" \/>\n<meta property=\"og:type\" content=\"article\" \/>\n<meta property=\"og:title\" content=\"A travers la for\u00eat vierge | Europe Voyages - Madagascar Tours\" \/>\n<meta property=\"og:description\" content=\"A travers la for\u00eat vierge Le voyage en train vous offre une aventure exceptionnel \u00e0 travers une for\u00eat tropicale avec [&hellip;]\" \/>\n<meta property=\"og:url\" content=\"https:\/\/europevoyages-madagascartours.com\/en\/a-travers-la-foret-vierge\/\" \/>\n<meta property=\"og:site_name\" content=\"Europe Voyages - Madagascar Tours\" \/>\n<meta property=\"article:modified_time\" content=\"2025-06-12T11:11:19+00:00\" \/>\n<meta property=\"og:image\" content=\"https:\/\/europevoyages-madagascartours.com\/wp-content\/uploads\/2025\/06\/detours_madagascar_manakara_train_fce.jpg\" \/>\n<meta name=\"twitter:card\" content=\"summary_large_image\" \/>\n<meta name=\"twitter:label1\" content=\"Estimated reading time\" \/>\n\t<meta name=\"twitter:data1\" content=\"1 minute\" \/>\n<script type=\"application\/ld+json\" class=\"yoast-schema-graph\">{\"@context\":\"https:\/\/schema.org\",\"@graph\":[{\"@type\":\"WebPage\",\"@id\":\"https:\/\/europevoyages-madagascartours.com\/a-travers-la-foret-vierge\/\",\"url\":\"https:\/\/europevoyages-madagascartours.com\/a-travers-la-foret-vierge\/\",\"name\":\"A travers la for\u00eat vierge | Europe Voyages - Madagascar Tours\",\"isPartOf\":{\"@id\":\"https:\/\/europevoyages-madagascartours.com\/#website\"},\"primaryImageOfPage\":{\"@id\":\"https:\/\/europevoyages-madagascartours.com\/a-travers-la-foret-vierge\/#primaryimage\"},\"image\":{\"@id\":\"https:\/\/europevoyages-madagascartours.com\/a-travers-la-foret-vierge\/#primaryimage\"},\"thumbnailUrl\":\"https:\/\/europevoyages-madagascartours.com\/wp-content\/uploads\/2025\/06\/detours_madagascar_manakara_train_fce.jpg\",\"datePublished\":\"2025-06-12T08:53:40+00:00\",\"dateModified\":\"2025-06-12T11:11:19+00:00\",\"breadcrumb\":{\"@id\":\"https:\/\/europevoyages-madagascartours.com\/a-travers-la-foret-vierge\/#breadcrumb\"},\"inLanguage\":\"en-GB\",\"potentialAction\":[{\"@type\":\"ReadAction\",\"target\":[\"https:\/\/europevoyages-madagascartours.com\/a-travers-la-foret-vierge\/\"]}]},{\"@type\":\"ImageObject\",\"inLanguage\":\"en-GB\",\"@id\":\"https:\/\/europevoyages-madagascartours.com\/a-travers-la-foret-vierge\/#primaryimage\",\"url\":\"https:\/\/europevoyages-madagascartours.com\/wp-content\/uploads\/2025\/06\/detours_madagascar_manakara_train_fce.jpg\",\"contentUrl\":\"https:\/\/europevoyages-madagascartours.com\/wp-content\/uploads\/2025\/06\/detours_madagascar_manakara_train_fce.jpg\"},{\"@type\":\"BreadcrumbList\",\"@id\":\"https:\/\/europevoyages-madagascartours.com\/a-travers-la-foret-vierge\/#breadcrumb\",\"itemListElement\":[{\"@type\":\"ListItem\",\"position\":1,\"name\":\"Accueil\",\"item\":\"https:\/\/europevoyages-madagascartours.com\/\"},{\"@type\":\"ListItem\",\"position\":2,\"name\":\"A travers la for\u00eat vierge\"}]},{\"@type\":\"WebSite\",\"@id\":\"https:\/\/europevoyages-madagascartours.com\/#website\",\"url\":\"https:\/\/europevoyages-madagascartours.com\/\",\"name\":\"Europe Voyages - Madagascar Tours\",\"description\":\"Circuits touristiques personnalis\u00e9s &amp; voyages en groupe\",\"publisher\":{\"@id\":\"https:\/\/europevoyages-madagascartours.com\/#organization\"},\"alternateName\":\"Europevoyages\",\"potentialAction\":[{\"@type\":\"SearchAction\",\"target\":{\"@type\":\"EntryPoint\",\"urlTemplate\":\"https:\/\/europevoyages-madagascartours.com\/?s={search_term_string}\"},\"query-input\":{\"@type\":\"PropertyValueSpecification\",\"valueRequired\":true,\"valueName\":\"search_term_string\"}}],\"inLanguage\":\"en-GB\"},{\"@type\":\"Organization\",\"@id\":\"https:\/\/europevoyages-madagascartours.com\/#organization\",\"name\":\"Europevoyages-madagascartours\",\"url\":\"https:\/\/europevoyages-madagascartours.com\/\",\"logo\":{\"@type\":\"ImageObject\",\"inLanguage\":\"en-GB\",\"@id\":\"https:\/\/europevoyages-madagascartours.com\/#\/schema\/logo\/image\/\",\"url\":\"https:\/\/europevoyages-madagascartours.com\/wp-content\/uploads\/2025\/06\/logoev.gif\",\"contentUrl\":\"https:\/\/europevoyages-madagascartours.com\/wp-content\/uploads\/2025\/06\/logoev.gif\",\"width\":340,\"height\":227,\"caption\":\"Europevoyages-madagascartours\"},\"image\":{\"@id\":\"https:\/\/europevoyages-madagascartours.com\/#\/schema\/logo\/image\/\"}}]}<\/script>\n<!-- \/ Yoast SEO plugin. -->","yoast_head_json":{"title":"A travers la for\u00eat vierge | Europe Voyages - Madagascar Tours","robots":{"index":"index","follow":"follow","max-snippet":"max-snippet:-1","max-image-preview":"max-image-preview:large","max-video-preview":"max-video-preview:-1"},"canonical":"https:\/\/europevoyages-madagascartours.com\/en\/a-travers-la-foret-vierge\/","og_locale":"en_GB","og_type":"article","og_title":"A travers la for\u00eat vierge | Europe Voyages - Madagascar Tours","og_description":"A travers la for\u00eat vierge Le voyage en train vous offre une aventure exceptionnel \u00e0 travers une for\u00eat tropicale avec [&hellip;]","og_url":"https:\/\/europevoyages-madagascartours.com\/en\/a-travers-la-foret-vierge\/","og_site_name":"Europe Voyages - Madagascar Tours","article_modified_time":"2025-06-12T11:11:19+00:00","og_image":[{"url":"https:\/\/europevoyages-madagascartours.com\/wp-content\/uploads\/2025\/06\/detours_madagascar_manakara_train_fce.jpg","type":"","width":"","height":""}],"twitter_card":"summary_large_image","twitter_misc":{"Estimated reading time":"1 minute"},"schema":{"@context":"https:\/\/schema.org","@graph":[{"@type":"WebPage","@id":"https:\/\/europevoyages-madagascartours.com\/a-travers-la-foret-vierge\/","url":"https:\/\/europevoyages-madagascartours.com\/a-travers-la-foret-vierge\/","name":"A travers la for\u00eat vierge | Europe Voyages - Madagascar Tours","isPartOf":{"@id":"https:\/\/europevoyages-madagascartours.com\/#website"},"primaryImageOfPage":{"@id":"https:\/\/europevoyages-madagascartours.com\/a-travers-la-foret-vierge\/#primaryimage"},"image":{"@id":"https:\/\/europevoyages-madagascartours.com\/a-travers-la-foret-vierge\/#primaryimage"},"thumbnailUrl":"https:\/\/europevoyages-madagascartours.com\/wp-content\/uploads\/2025\/06\/detours_madagascar_manakara_train_fce.jpg","datePublished":"2025-06-12T08:53:40+00:00","dateModified":"2025-06-12T11:11:19+00:00","breadcrumb":{"@id":"https:\/\/europevoyages-madagascartours.com\/a-travers-la-foret-vierge\/#breadcrumb"},"inLanguage":"en-GB","potentialAction":[{"@type":"ReadAction","target":["https:\/\/europevoyages-madagascartours.com\/a-travers-la-foret-vierge\/"]}]},{"@type":"ImageObject","inLanguage":"en-GB","@id":"https:\/\/europevoyages-madagascartours.com\/a-travers-la-foret-vierge\/#primaryimage","url":"https:\/\/europevoyages-madagascartours.com\/wp-content\/uploads\/2025\/06\/detours_madagascar_manakara_train_fce.jpg","contentUrl":"https:\/\/europevoyages-madagascartours.com\/wp-content\/uploads\/2025\/06\/detours_madagascar_manakara_train_fce.jpg"},{"@type":"BreadcrumbList","@id":"https:\/\/europevoyages-madagascartours.com\/a-travers-la-foret-vierge\/#breadcrumb","itemListElement":[{"@type":"ListItem","position":1,"name":"Accueil","item":"https:\/\/europevoyages-madagascartours.com\/"},{"@type":"ListItem","position":2,"name":"A travers la for\u00eat vierge"}]},{"@type":"WebSite","@id":"https:\/\/europevoyages-madagascartours.com\/#website","url":"https:\/\/europevoyages-madagascartours.com\/","name":"Europe Voyages - Madagascar Tours","description":"Circuits touristiques personnalis\u00e9s &amp; voyages en groupe","publisher":{"@id":"https:\/\/europevoyages-madagascartours.com\/#organization"},"alternateName":"Europevoyages","potentialAction":[{"@type":"SearchAction","target":{"@type":"EntryPoint","urlTemplate":"https:\/\/europevoyages-madagascartours.com\/?s={search_term_string}"},"query-input":{"@type":"PropertyValueSpecification","valueRequired":true,"valueName":"search_term_string"}}],"inLanguage":"en-GB"},{"@type":"Organization","@id":"https:\/\/europevoyages-madagascartours.com\/#organization","name":"Europevoyages-madagascartours","url":"https:\/\/europevoyages-madagascartours.com\/","logo":{"@type":"ImageObject","inLanguage":"en-GB","@id":"https:\/\/europevoyages-madagascartours.com\/#\/schema\/logo\/image\/","url":"https:\/\/europevoyages-madagascartours.com\/wp-content\/uploads\/2025\/06\/logoev.gif","contentUrl":"https:\/\/europevoyages-madagascartours.com\/wp-content\/uploads\/2025\/06\/logoev.gif","width":340,"height":227,"caption":"Europevoyages-madagascartours"},"image":{"@id":"https:\/\/europevoyages-madagascartours.com\/#\/schema\/logo\/image\/"}}]}},"uagb_featured_image_src":{"full":false,"thumbnail":false,"medium":false,"medium_large":false,"large":false,"1536x1536":false,"2048x2048":false,"trp-custom-language-flag":false},"uagb_author_info":{"display_name":"herve besson","author_link":"https:\/\/europevoyages-madagascartours.com\/en\/author\/admin_herve\/"},"uagb_comment_info":0,"uagb_excerpt":"A travers la for\u00eat vierge Le voyage en train vous offre une aventure exceptionnel \u00e0 travers une for\u00eat tropicale avec [&hellip;]","_links":{"self":[{"href":"https:\/\/europevoyages-madagascartours.com\/en\/wp-json\/wp\/v2\/pages\/467","targetHints":{"allow":["GET"]}}],"collection":[{"href":"https:\/\/europevoyages-madagascartours.com\/en\/wp-json\/wp\/v2\/pages"}],"about":[{"href":"https:\/\/europevoyages-madagascartours.com\/en\/wp-json\/wp\/v2\/types\/page"}],"author":[{"embeddable":true,"href":"https:\/\/europevoyages-madagascartours.com\/en\/wp-json\/wp\/v2\/users\/2"}],"replies":[{"embeddable":true,"href":"https:\/\/europevoyages-madagascartours.com\/en\/wp-json\/wp\/v2\/comments?post=467"}],"version-history":[{"count":2,"href":"https:\/\/europevoyages-madagascartours.com\/en\/wp-json\/wp\/v2\/pages\/467\/revisions"}],"predecessor-version":[{"id":614,"href":"https:\/\/europevoyages-madagascartours.com\/en\/wp-json\/wp\/v2\/pages\/467\/revisions\/614"}],"wp:attachment":[{"href":"https:\/\/europevoyages-madagascartours.com\/en\/wp-json\/wp\/v2\/media?parent=467"}],"curies":[{"name":"wp","href":"https:\/\/api.w.org\/{rel}","templated":true}]}}