{"id":524,"date":"2025-06-12T11:51:22","date_gmt":"2025-06-12T09:51:22","guid":{"rendered":"https:\/\/europevoyages-madagascartours.com\/?page_id=524"},"modified":"2025-06-12T13:09:01","modified_gmt":"2025-06-12T11:09:01","slug":"lindri-indri-et-les-pangalanes","status":"publish","type":"page","link":"https:\/\/europevoyages-madagascartours.com\/en\/lindri-indri-et-les-pangalanes\/","title":{"rendered":"The Indri Indri and the Pangalanes"},"content":{"rendered":"<div data-aos= \"fade-down\" data-aos-duration=\"400\" data-aos-delay=\"0\" data-aos-easing=\"ease\" data-aos-once=\"true\" class=\"wp-block-uagb-container uagb-block-3ad17e27 alignfull uagb-is-root-container\"><div class=\"uagb-container__shape uagb-container__shape-bottom uagb-container__invert\" data-negative=\"false\"><svg xmlns=\"https:\/\/www.w3.org\/2000\/svg\" viewbox=\"0 0 283.5 19.6\" preserveaspectratio=\"none\"><path class=\"uagb-container__shape-fill\" opacity=\"0.33\" d=\"M0 0L0 18.8 141.8 4.1 283.5 18.8 283.5 0z\"><\/path><path class=\"uagb-container__shape-fill\" opacity=\"0.33\" d=\"M0 0L0 12.6 141.8 4 283.5 12.6 283.5 0z\"><\/path><path class=\"uagb-container__shape-fill\" opacity=\"0.33\" d=\"M0 0L0 6.4 141.8 4 283.5 6.4 283.5 0z\"><\/path><path class=\"uagb-container__shape-fill\" d=\"M0 0L0 1.2 141.8 4 283.5 1.2 283.5 0z\"><\/path><\/svg><\/div><div class=\"uagb-container-inner-blocks-wrap\">\n<div class=\"wp-block-uagb-advanced-heading uagb-block-8a1eebc0\"><h1 class=\"uagb-heading-text\">The Indri Indri and the Pangalanes<\/h1><\/div>\n<\/div><\/div>\n\n\n\n<div data-aos= \"fade-up\" data-aos-duration=\"400\" data-aos-delay=\"0\" data-aos-easing=\"ease\" data-aos-once=\"true\" class=\"wp-block-uagb-container uagb-block-5bed2379 alignwide uagb-is-root-container\">\n<div class=\"wp-block-media-text is-stacked-on-mobile\"><figure class=\"wp-block-media-text__media\"><img loading=\"lazy\" decoding=\"async\" width=\"1024\" height=\"768\" src=\"https:\/\/europevoyages-madagascartours.com\/wp-content\/uploads\/2025\/06\/DSC00522-scaled-1-1024x768.jpg\" alt=\"\" class=\"wp-image-531 size-full\" srcset=\"https:\/\/europevoyages-madagascartours.com\/wp-content\/uploads\/2025\/06\/DSC00522-scaled-1-1024x768.jpg 1024w, https:\/\/europevoyages-madagascartours.com\/wp-content\/uploads\/2025\/06\/DSC00522-scaled-1-300x225.jpg 300w, https:\/\/europevoyages-madagascartours.com\/wp-content\/uploads\/2025\/06\/DSC00522-scaled-1-768x576.jpg 768w, https:\/\/europevoyages-madagascartours.com\/wp-content\/uploads\/2025\/06\/DSC00522-scaled-1-1536x1152.jpg 1536w, https:\/\/europevoyages-madagascartours.com\/wp-content\/uploads\/2025\/06\/DSC00522-scaled-1-2048x1536.jpg 2048w, https:\/\/europevoyages-madagascartours.com\/wp-content\/uploads\/2025\/06\/DSC00522-scaled-1-16x12.jpg 16w\" sizes=\"auto, (max-width: 1024px) 100vw, 1024px\" \/><\/figure><div class=\"wp-block-media-text__content\">\n<div class=\"wp-block-uagb-advanced-heading uagb-block-1dc98e39\"><h2 class=\"uagb-heading-text\">Analamazaotra Special Reserve<\/h2><\/div>\n\n\n\n<p>The reserve is a fragment of mid-altitude mountain forest, located between 930 and 1040 meters. Several specimens of large trees have been cut down, and the canopy is generally between 25 and 30 meters high. The reserve is dedicated to the protection of Madagascar\u2019s largest lemur species, the Indri indri, an animal whose size and bear-like appearance set it apart from common lemurs.<\/p>\n<\/div><\/div>\n<\/div>\n\n\n\n<div data-aos= \"fade-up\" data-aos-duration=\"400\" data-aos-delay=\"0\" data-aos-easing=\"ease\" data-aos-once=\"true\" class=\"wp-block-uagb-container uagb-block-35de8fec alignwide uagb-is-root-container\">\n<div class=\"wp-block-media-text has-media-on-the-right is-stacked-on-mobile\"><div class=\"wp-block-media-text__content\">\n<div class=\"wp-block-uagb-advanced-heading uagb-block-02fd52ec\"><h2 class=\"uagb-heading-text\">The Peyrieras Private Reserve<\/h2><\/div>\n\n\n\n<p>It is especially famous for its vast collection of reptiles and butterflies.<\/p>\n<\/div><figure class=\"wp-block-media-text__media\"><img loading=\"lazy\" decoding=\"async\" width=\"871\" height=\"653\" src=\"https:\/\/europevoyages-madagascartours.com\/wp-content\/uploads\/2025\/06\/IMG_20181205_141039.jpg\" alt=\"\" class=\"wp-image-534 size-full\" srcset=\"https:\/\/europevoyages-madagascartours.com\/wp-content\/uploads\/2025\/06\/IMG_20181205_141039.jpg 871w, https:\/\/europevoyages-madagascartours.com\/wp-content\/uploads\/2025\/06\/IMG_20181205_141039-300x225.jpg 300w, https:\/\/europevoyages-madagascartours.com\/wp-content\/uploads\/2025\/06\/IMG_20181205_141039-768x576.jpg 768w, https:\/\/europevoyages-madagascartours.com\/wp-content\/uploads\/2025\/06\/IMG_20181205_141039-16x12.jpg 16w\" sizes=\"auto, (max-width: 871px) 100vw, 871px\" \/><\/figure><\/div>\n<\/div>","protected":false},"excerpt":{"rendered":"<p>L&rsquo;Indri Indri et les Pangalanes La r\u00e9serve sp\u00e9ciale d&rsquo;Analamazaotra La r\u00e9serve est un fragment de for\u00eat de montagne de moyen [&hellip;]<\/p>","protected":false},"author":2,"featured_media":0,"parent":0,"menu_order":0,"comment_status":"closed","ping_status":"closed","template":"","meta":{"_uag_custom_page_level_css":"","site-sidebar-layout":"default","site-content-layout":"","ast-site-content-layout":"","site-content-style":"default","site-sidebar-style":"default","ast-global-header-display":"","ast-banner-title-visibility":"","ast-main-header-display":"","ast-hfb-above-header-display":"","ast-hfb-below-header-display":"","ast-hfb-mobile-header-display":"","site-post-title":"disabled","ast-breadcrumbs-content":"","ast-featured-img":"","footer-sml-layout":"","theme-transparent-header-meta":"","adv-header-id-meta":"","stick-header-meta":"","header-above-stick-meta":"","header-main-stick-meta":"","header-below-stick-meta":"","astra-migrate-meta-layouts":"default","ast-page-background-enabled":"default","ast-page-background-meta":{"desktop":{"background-color":"var(--ast-global-color-5)","background-image":"","background-repeat":"repeat","background-position":"center center","background-size":"auto","background-attachment":"scroll","background-type":"","background-media":"","overlay-type":"","overlay-color":"","overlay-opacity":"","overlay-gradient":""},"tablet":{"background-color":"","background-image":"","background-repeat":"repeat","background-position":"center center","background-size":"auto","background-attachment":"scroll","background-type":"","background-media":"","overlay-type":"","overlay-color":"","overlay-opacity":"","overlay-gradient":""},"mobile":{"background-color":"","background-image":"","background-repeat":"repeat","background-position":"center center","background-size":"auto","background-attachment":"scroll","background-type":"","background-media":"","overlay-type":"","overlay-color":"","overlay-opacity":"","overlay-gradient":""}},"ast-content-background-meta":{"desktop":{"background-color":"var(--ast-global-color-4)","background-image":"","background-repeat":"repeat","background-position":"center center","background-size":"auto","background-attachment":"scroll","background-type":"","background-media":"","overlay-type":"","overlay-color":"","overlay-opacity":"","overlay-gradient":""},"tablet":{"background-color":"var(--ast-global-color-4)","background-image":"","background-repeat":"repeat","background-position":"center center","background-size":"auto","background-attachment":"scroll","background-type":"","background-media":"","overlay-type":"","overlay-color":"","overlay-opacity":"","overlay-gradient":""},"mobile":{"background-color":"var(--ast-global-color-4)","background-image":"","background-repeat":"repeat","background-position":"center center","background-size":"auto","background-attachment":"scroll","background-type":"","background-media":"","overlay-type":"","overlay-color":"","overlay-opacity":"","overlay-gradient":""}},"_joinchat":[],"footnotes":""},"class_list":["post-524","page","type-page","status-publish","hentry"],"yoast_head":"<!-- This site is optimized with the Yoast SEO plugin v25.3 - https:\/\/yoast.com\/wordpress\/plugins\/seo\/ -->\n<title>L&#039;Indri Indri et les Pangalanes | Europe Voyages - Madagascar Tours<\/title>\n<meta name=\"robots\" content=\"index, follow, max-snippet:-1, max-image-preview:large, max-video-preview:-1\" \/>\n<link rel=\"canonical\" href=\"https:\/\/europevoyages-madagascartours.com\/en\/lindri-indri-et-les-pangalanes\/\" \/>\n<meta property=\"og:locale\" content=\"en_GB\" \/>\n<meta property=\"og:type\" content=\"article\" \/>\n<meta property=\"og:title\" content=\"L&#039;Indri Indri et les Pangalanes | Europe Voyages - Madagascar Tours\" \/>\n<meta property=\"og:description\" content=\"L&rsquo;Indri Indri et les Pangalanes La r\u00e9serve sp\u00e9ciale d&rsquo;Analamazaotra La r\u00e9serve est un fragment de for\u00eat de montagne de moyen [&hellip;]\" \/>\n<meta property=\"og:url\" content=\"https:\/\/europevoyages-madagascartours.com\/en\/lindri-indri-et-les-pangalanes\/\" \/>\n<meta property=\"og:site_name\" content=\"Europe Voyages - Madagascar Tours\" \/>\n<meta property=\"article:modified_time\" content=\"2025-06-12T11:09:01+00:00\" \/>\n<meta property=\"og:image\" content=\"https:\/\/europevoyages-madagascartours.com\/wp-content\/uploads\/2025\/06\/DSC00522-scaled-1-1024x768.jpg\" \/>\n<meta name=\"twitter:card\" content=\"summary_large_image\" \/>\n<meta name=\"twitter:label1\" content=\"Estimated reading time\" \/>\n\t<meta name=\"twitter:data1\" content=\"1 minute\" \/>\n<script type=\"application\/ld+json\" class=\"yoast-schema-graph\">{\"@context\":\"https:\/\/schema.org\",\"@graph\":[{\"@type\":\"WebPage\",\"@id\":\"https:\/\/europevoyages-madagascartours.com\/en\/lindri-indri-et-les-pangalanes\/\",\"url\":\"https:\/\/europevoyages-madagascartours.com\/en\/lindri-indri-et-les-pangalanes\/\",\"name\":\"L'Indri Indri et les Pangalanes | Europe Voyages - Madagascar Tours\",\"isPartOf\":{\"@id\":\"https:\/\/europevoyages-madagascartours.com\/#website\"},\"primaryImageOfPage\":{\"@id\":\"https:\/\/europevoyages-madagascartours.com\/en\/lindri-indri-et-les-pangalanes\/#primaryimage\"},\"image\":{\"@id\":\"https:\/\/europevoyages-madagascartours.com\/en\/lindri-indri-et-les-pangalanes\/#primaryimage\"},\"thumbnailUrl\":\"https:\/\/europevoyages-madagascartours.com\/wp-content\/uploads\/2025\/06\/DSC00522-scaled-1-1024x768.jpg\",\"datePublished\":\"2025-06-12T09:51:22+00:00\",\"dateModified\":\"2025-06-12T11:09:01+00:00\",\"breadcrumb\":{\"@id\":\"https:\/\/europevoyages-madagascartours.com\/en\/lindri-indri-et-les-pangalanes\/#breadcrumb\"},\"inLanguage\":\"en-GB\",\"potentialAction\":[{\"@type\":\"ReadAction\",\"target\":[\"https:\/\/europevoyages-madagascartours.com\/en\/lindri-indri-et-les-pangalanes\/\"]}]},{\"@type\":\"ImageObject\",\"inLanguage\":\"en-GB\",\"@id\":\"https:\/\/europevoyages-madagascartours.com\/en\/lindri-indri-et-les-pangalanes\/#primaryimage\",\"url\":\"https:\/\/europevoyages-madagascartours.com\/wp-content\/uploads\/2025\/06\/DSC00522-scaled-1-1024x768.jpg\",\"contentUrl\":\"https:\/\/europevoyages-madagascartours.com\/wp-content\/uploads\/2025\/06\/DSC00522-scaled-1-1024x768.jpg\"},{\"@type\":\"BreadcrumbList\",\"@id\":\"https:\/\/europevoyages-madagascartours.com\/en\/lindri-indri-et-les-pangalanes\/#breadcrumb\",\"itemListElement\":[{\"@type\":\"ListItem\",\"position\":1,\"name\":\"Accueil\",\"item\":\"https:\/\/europevoyages-madagascartours.com\/\"},{\"@type\":\"ListItem\",\"position\":2,\"name\":\"L&rsquo;Indri Indri et les Pangalanes\"}]},{\"@type\":\"WebSite\",\"@id\":\"https:\/\/europevoyages-madagascartours.com\/#website\",\"url\":\"https:\/\/europevoyages-madagascartours.com\/\",\"name\":\"Europe Voyages - Madagascar Tours\",\"description\":\"Circuits touristiques personnalis\u00e9s &amp; voyages en groupe\",\"publisher\":{\"@id\":\"https:\/\/europevoyages-madagascartours.com\/#organization\"},\"alternateName\":\"Europevoyages\",\"potentialAction\":[{\"@type\":\"SearchAction\",\"target\":{\"@type\":\"EntryPoint\",\"urlTemplate\":\"https:\/\/europevoyages-madagascartours.com\/?s={search_term_string}\"},\"query-input\":{\"@type\":\"PropertyValueSpecification\",\"valueRequired\":true,\"valueName\":\"search_term_string\"}}],\"inLanguage\":\"en-GB\"},{\"@type\":\"Organization\",\"@id\":\"https:\/\/europevoyages-madagascartours.com\/#organization\",\"name\":\"Europevoyages-madagascartours\",\"url\":\"https:\/\/europevoyages-madagascartours.com\/\",\"logo\":{\"@type\":\"ImageObject\",\"inLanguage\":\"en-GB\",\"@id\":\"https:\/\/europevoyages-madagascartours.com\/#\/schema\/logo\/image\/\",\"url\":\"https:\/\/europevoyages-madagascartours.com\/wp-content\/uploads\/2025\/06\/logoev.gif\",\"contentUrl\":\"https:\/\/europevoyages-madagascartours.com\/wp-content\/uploads\/2025\/06\/logoev.gif\",\"width\":340,\"height\":227,\"caption\":\"Europevoyages-madagascartours\"},\"image\":{\"@id\":\"https:\/\/europevoyages-madagascartours.com\/#\/schema\/logo\/image\/\"}}]}<\/script>\n<!-- \/ Yoast SEO plugin. -->","yoast_head_json":{"title":"L'Indri Indri et les Pangalanes | Europe Voyages - Madagascar Tours","robots":{"index":"index","follow":"follow","max-snippet":"max-snippet:-1","max-image-preview":"max-image-preview:large","max-video-preview":"max-video-preview:-1"},"canonical":"https:\/\/europevoyages-madagascartours.com\/en\/lindri-indri-et-les-pangalanes\/","og_locale":"en_GB","og_type":"article","og_title":"L'Indri Indri et les Pangalanes | Europe Voyages - Madagascar Tours","og_description":"L&rsquo;Indri Indri et les Pangalanes La r\u00e9serve sp\u00e9ciale d&rsquo;Analamazaotra La r\u00e9serve est un fragment de for\u00eat de montagne de moyen [&hellip;]","og_url":"https:\/\/europevoyages-madagascartours.com\/en\/lindri-indri-et-les-pangalanes\/","og_site_name":"Europe Voyages - Madagascar Tours","article_modified_time":"2025-06-12T11:09:01+00:00","og_image":[{"url":"https:\/\/europevoyages-madagascartours.com\/wp-content\/uploads\/2025\/06\/DSC00522-scaled-1-1024x768.jpg","type":"","width":"","height":""}],"twitter_card":"summary_large_image","twitter_misc":{"Estimated reading time":"1 minute"},"schema":{"@context":"https:\/\/schema.org","@graph":[{"@type":"WebPage","@id":"https:\/\/europevoyages-madagascartours.com\/en\/lindri-indri-et-les-pangalanes\/","url":"https:\/\/europevoyages-madagascartours.com\/en\/lindri-indri-et-les-pangalanes\/","name":"L'Indri Indri et les Pangalanes | Europe Voyages - Madagascar Tours","isPartOf":{"@id":"https:\/\/europevoyages-madagascartours.com\/#website"},"primaryImageOfPage":{"@id":"https:\/\/europevoyages-madagascartours.com\/en\/lindri-indri-et-les-pangalanes\/#primaryimage"},"image":{"@id":"https:\/\/europevoyages-madagascartours.com\/en\/lindri-indri-et-les-pangalanes\/#primaryimage"},"thumbnailUrl":"https:\/\/europevoyages-madagascartours.com\/wp-content\/uploads\/2025\/06\/DSC00522-scaled-1-1024x768.jpg","datePublished":"2025-06-12T09:51:22+00:00","dateModified":"2025-06-12T11:09:01+00:00","breadcrumb":{"@id":"https:\/\/europevoyages-madagascartours.com\/en\/lindri-indri-et-les-pangalanes\/#breadcrumb"},"inLanguage":"en-GB","potentialAction":[{"@type":"ReadAction","target":["https:\/\/europevoyages-madagascartours.com\/en\/lindri-indri-et-les-pangalanes\/"]}]},{"@type":"ImageObject","inLanguage":"en-GB","@id":"https:\/\/europevoyages-madagascartours.com\/en\/lindri-indri-et-les-pangalanes\/#primaryimage","url":"https:\/\/europevoyages-madagascartours.com\/wp-content\/uploads\/2025\/06\/DSC00522-scaled-1-1024x768.jpg","contentUrl":"https:\/\/europevoyages-madagascartours.com\/wp-content\/uploads\/2025\/06\/DSC00522-scaled-1-1024x768.jpg"},{"@type":"BreadcrumbList","@id":"https:\/\/europevoyages-madagascartours.com\/en\/lindri-indri-et-les-pangalanes\/#breadcrumb","itemListElement":[{"@type":"ListItem","position":1,"name":"Accueil","item":"https:\/\/europevoyages-madagascartours.com\/"},{"@type":"ListItem","position":2,"name":"L&rsquo;Indri Indri et les Pangalanes"}]},{"@type":"WebSite","@id":"https:\/\/europevoyages-madagascartours.com\/#website","url":"https:\/\/europevoyages-madagascartours.com\/","name":"Europe Voyages - Madagascar Tours","description":"Circuits touristiques personnalis\u00e9s &amp; voyages en groupe","publisher":{"@id":"https:\/\/europevoyages-madagascartours.com\/#organization"},"alternateName":"Europevoyages","potentialAction":[{"@type":"SearchAction","target":{"@type":"EntryPoint","urlTemplate":"https:\/\/europevoyages-madagascartours.com\/?s={search_term_string}"},"query-input":{"@type":"PropertyValueSpecification","valueRequired":true,"valueName":"search_term_string"}}],"inLanguage":"en-GB"},{"@type":"Organization","@id":"https:\/\/europevoyages-madagascartours.com\/#organization","name":"Europevoyages-madagascartours","url":"https:\/\/europevoyages-madagascartours.com\/","logo":{"@type":"ImageObject","inLanguage":"en-GB","@id":"https:\/\/europevoyages-madagascartours.com\/#\/schema\/logo\/image\/","url":"https:\/\/europevoyages-madagascartours.com\/wp-content\/uploads\/2025\/06\/logoev.gif","contentUrl":"https:\/\/europevoyages-madagascartours.com\/wp-content\/uploads\/2025\/06\/logoev.gif","width":340,"height":227,"caption":"Europevoyages-madagascartours"},"image":{"@id":"https:\/\/europevoyages-madagascartours.com\/#\/schema\/logo\/image\/"}}]}},"uagb_featured_image_src":{"full":false,"thumbnail":false,"medium":false,"medium_large":false,"large":false,"1536x1536":false,"2048x2048":false,"trp-custom-language-flag":false},"uagb_author_info":{"display_name":"herve besson","author_link":"https:\/\/europevoyages-madagascartours.com\/en\/author\/admin_herve\/"},"uagb_comment_info":0,"uagb_excerpt":"L&rsquo;Indri Indri et les Pangalanes La r\u00e9serve sp\u00e9ciale d&rsquo;Analamazaotra La r\u00e9serve est un fragment de for\u00eat de montagne de moyen [&hellip;]","_links":{"self":[{"href":"https:\/\/europevoyages-madagascartours.com\/en\/wp-json\/wp\/v2\/pages\/524","targetHints":{"allow":["GET"]}}],"collection":[{"href":"https:\/\/europevoyages-madagascartours.com\/en\/wp-json\/wp\/v2\/pages"}],"about":[{"href":"https:\/\/europevoyages-madagascartours.com\/en\/wp-json\/wp\/v2\/types\/page"}],"author":[{"embeddable":true,"href":"https:\/\/europevoyages-madagascartours.com\/en\/wp-json\/wp\/v2\/users\/2"}],"replies":[{"embeddable":true,"href":"https:\/\/europevoyages-madagascartours.com\/en\/wp-json\/wp\/v2\/comments?post=524"}],"version-history":[{"count":4,"href":"https:\/\/europevoyages-madagascartours.com\/en\/wp-json\/wp\/v2\/pages\/524\/revisions"}],"predecessor-version":[{"id":611,"href":"https:\/\/europevoyages-madagascartours.com\/en\/wp-json\/wp\/v2\/pages\/524\/revisions\/611"}],"wp:attachment":[{"href":"https:\/\/europevoyages-madagascartours.com\/en\/wp-json\/wp\/v2\/media?parent=524"}],"curies":[{"name":"wp","href":"https:\/\/api.w.org\/{rel}","templated":true}]}}