{"id":557,"date":"2025-06-12T12:21:46","date_gmt":"2025-06-12T10:21:46","guid":{"rendered":"https:\/\/europevoyages-madagascartours.com\/?page_id=557"},"modified":"2025-06-12T13:12:53","modified_gmt":"2025-06-12T11:12:53","slug":"les-hauts-plateaux","status":"publish","type":"page","link":"https:\/\/europevoyages-madagascartours.com\/en\/les-hauts-plateaux\/","title":{"rendered":"The Highlands"},"content":{"rendered":"<div data-aos= \"fade-down\" data-aos-duration=\"400\" data-aos-delay=\"0\" data-aos-easing=\"ease\" data-aos-once=\"true\" class=\"wp-block-uagb-container uagb-block-3ad17e27 alignfull uagb-is-root-container\"><div class=\"uagb-container__shape uagb-container__shape-bottom uagb-container__invert\" data-negative=\"false\"><svg xmlns=\"https:\/\/www.w3.org\/2000\/svg\" viewbox=\"0 0 283.5 19.6\" preserveaspectratio=\"none\"><path class=\"uagb-container__shape-fill\" opacity=\"0.33\" d=\"M0 0L0 18.8 141.8 4.1 283.5 18.8 283.5 0z\"><\/path><path class=\"uagb-container__shape-fill\" opacity=\"0.33\" d=\"M0 0L0 12.6 141.8 4 283.5 12.6 283.5 0z\"><\/path><path class=\"uagb-container__shape-fill\" opacity=\"0.33\" d=\"M0 0L0 6.4 141.8 4 283.5 6.4 283.5 0z\"><\/path><path class=\"uagb-container__shape-fill\" d=\"M0 0L0 1.2 141.8 4 283.5 1.2 283.5 0z\"><\/path><\/svg><\/div><div class=\"uagb-container-inner-blocks-wrap\">\n<div class=\"wp-block-uagb-advanced-heading uagb-block-8a1eebc0\"><h1 class=\"uagb-heading-text\">The Highlands<\/h1><\/div>\n<\/div><\/div>\n\n\n\n<div data-aos= \"fade-up\" data-aos-duration=\"400\" data-aos-delay=\"0\" data-aos-easing=\"ease\" data-aos-once=\"true\" class=\"wp-block-uagb-container uagb-block-1826d11a alignfull uagb-is-root-container\"><div class=\"uagb-container-inner-blocks-wrap\">\n<div class=\"wp-block-media-text is-stacked-on-mobile\"><figure class=\"wp-block-media-text__media\"><img loading=\"lazy\" decoding=\"async\" width=\"759\" height=\"494\" src=\"https:\/\/europevoyages-madagascartours.com\/wp-content\/uploads\/2025\/06\/reisterrassen.jpg\" alt=\"\" class=\"wp-image-563 size-full\" srcset=\"https:\/\/europevoyages-madagascartours.com\/wp-content\/uploads\/2025\/06\/reisterrassen.jpg 759w, https:\/\/europevoyages-madagascartours.com\/wp-content\/uploads\/2025\/06\/reisterrassen-300x195.jpg 300w, https:\/\/europevoyages-madagascartours.com\/wp-content\/uploads\/2025\/06\/reisterrassen-18x12.jpg 18w\" sizes=\"auto, (max-width: 759px) 100vw, 759px\" \/><\/figure><div class=\"wp-block-media-text__content\">\n<div class=\"wp-block-uagb-advanced-heading uagb-block-e53319cb\"><h2 class=\"uagb-heading-text\">The Highlands<\/h2><\/div>\n\n\n\n<p>The road connecting Antananarivo to Tul\u00e9ar, depending on the season, passes through terraced rice fields that are either tender green or golden, as well as the red earth hills and typical villages with brick huts of the Highlands. National Route 7 goes through Ambatolampy, a town scented by various essences of eucalyptus, casuarina, fir, and cypress trees, as well as Antsirabe, considered the Malagasy Vichy, located in a volcanic zone and featuring several thermal springs.<\/p>\n<\/div><\/div>\n<\/div><\/div>\n\n\n\n<div data-aos= \"fade-up\" data-aos-duration=\"400\" data-aos-delay=\"0\" data-aos-easing=\"ease\" data-aos-once=\"true\" class=\"wp-block-uagb-container uagb-block-ec664ab9 alignfull uagb-is-root-container\"><div class=\"uagb-container-inner-blocks-wrap\">\n<div class=\"wp-block-media-text has-media-on-the-right is-stacked-on-mobile\"><div class=\"wp-block-media-text__content\">\n<div class=\"wp-block-uagb-advanced-heading uagb-block-f717bd97\"><h2 class=\"uagb-heading-text\">Ranomafana National Park<\/h2><\/div>\n\n\n\n<p>Ranomafana is a village built in the Namorona Valley. It is located between the Betsileo and Tanala regions. Ranomafana, meaning \"hot water,\" takes its name from the thermal spring located on the banks of the Namorona River. Ranomafana National Park is home to 12 species of lemurs, which are by far the most appreciated and observed wildlife in the area.<\/p>\n<\/div><figure class=\"wp-block-media-text__media\"><img loading=\"lazy\" decoding=\"async\" width=\"537\" height=\"402\" src=\"https:\/\/europevoyages-madagascartours.com\/wp-content\/uploads\/2025\/06\/Capture.png\" alt=\"\" class=\"wp-image-565 size-full\" srcset=\"https:\/\/europevoyages-madagascartours.com\/wp-content\/uploads\/2025\/06\/Capture.png 537w, https:\/\/europevoyages-madagascartours.com\/wp-content\/uploads\/2025\/06\/Capture-300x225.png 300w, https:\/\/europevoyages-madagascartours.com\/wp-content\/uploads\/2025\/06\/Capture-16x12.png 16w\" sizes=\"auto, (max-width: 537px) 100vw, 537px\" \/><\/figure><\/div>\n<\/div><\/div>\n\n\n\n<div data-aos= \"fade-up\" data-aos-duration=\"400\" data-aos-delay=\"0\" data-aos-easing=\"ease\" data-aos-once=\"true\" class=\"wp-block-uagb-container uagb-block-573a37b1 alignfull uagb-is-root-container\"><div class=\"uagb-container-inner-blocks-wrap\">\n<div class=\"wp-block-media-text is-stacked-on-mobile\"><figure class=\"wp-block-media-text__media\"><img loading=\"lazy\" decoding=\"async\" width=\"835\" height=\"645\" src=\"https:\/\/europevoyages-madagascartours.com\/wp-content\/uploads\/2025\/06\/Capture-1.png\" alt=\"\" class=\"wp-image-566 size-full\" srcset=\"https:\/\/europevoyages-madagascartours.com\/wp-content\/uploads\/2025\/06\/Capture-1.png 835w, https:\/\/europevoyages-madagascartours.com\/wp-content\/uploads\/2025\/06\/Capture-1-300x232.png 300w, https:\/\/europevoyages-madagascartours.com\/wp-content\/uploads\/2025\/06\/Capture-1-768x593.png 768w, https:\/\/europevoyages-madagascartours.com\/wp-content\/uploads\/2025\/06\/Capture-1-16x12.png 16w\" sizes=\"auto, (max-width: 835px) 100vw, 835px\" \/><\/figure><div class=\"wp-block-media-text__content\">\n<div class=\"wp-block-uagb-advanced-heading uagb-block-8e1f83f9\"><h2 class=\"uagb-heading-text\">Isalo National Park<\/h2><\/div>\n\n\n\n<p>The national park consists of a spectacular \"ruiniform massif,\" formed by successive deposits of continental sandstone dating back to the Jurassic period. Isalo is one of the most spectacular national parks in Madagascar. The quality and durability of the sandstone, which varies across different areas of the park, give rise to a wide variety of geometric shapes. Regarding flora, there are no fewer than 340 species, 70% of which are endemic. The fauna is equally impressive, with seven species of lemurs, 33 species of reptiles, 77 species of birds, and 15 species of amphibians, all contributing to the park's exceptional biodiversity.<\/p>\n<\/div><\/div>\n<\/div><\/div>","protected":false},"excerpt":{"rendered":"<p>Les Hauts Plateaux Les Hauts Plateaux La route qui relie Antananarivo \u00e0 Tul\u00e9ar, suivant la saison, traverse&nbsp; les rizi\u00e8res en [&hellip;]<\/p>","protected":false},"author":2,"featured_media":0,"parent":0,"menu_order":0,"comment_status":"closed","ping_status":"closed","template":"","meta":{"_uag_custom_page_level_css":"","site-sidebar-layout":"default","site-content-layout":"","ast-site-content-layout":"","site-content-style":"default","site-sidebar-style":"default","ast-global-header-display":"","ast-banner-title-visibility":"","ast-main-header-display":"","ast-hfb-above-header-display":"","ast-hfb-below-header-display":"","ast-hfb-mobile-header-display":"","site-post-title":"disabled","ast-breadcrumbs-content":"","ast-featured-img":"","footer-sml-layout":"","theme-transparent-header-meta":"","adv-header-id-meta":"","stick-header-meta":"","header-above-stick-meta":"","header-main-stick-meta":"","header-below-stick-meta":"","astra-migrate-meta-layouts":"default","ast-page-background-enabled":"default","ast-page-background-meta":{"desktop":{"background-color":"var(--ast-global-color-5)","background-image":"","background-repeat":"repeat","background-position":"center center","background-size":"auto","background-attachment":"scroll","background-type":"","background-media":"","overlay-type":"","overlay-color":"","overlay-opacity":"","overlay-gradient":""},"tablet":{"background-color":"","background-image":"","background-repeat":"repeat","background-position":"center center","background-size":"auto","background-attachment":"scroll","background-type":"","background-media":"","overlay-type":"","overlay-color":"","overlay-opacity":"","overlay-gradient":""},"mobile":{"background-color":"","background-image":"","background-repeat":"repeat","background-position":"center center","background-size":"auto","background-attachment":"scroll","background-type":"","background-media":"","overlay-type":"","overlay-color":"","overlay-opacity":"","overlay-gradient":""}},"ast-content-background-meta":{"desktop":{"background-color":"var(--ast-global-color-4)","background-image":"","background-repeat":"repeat","background-position":"center center","background-size":"auto","background-attachment":"scroll","background-type":"","background-media":"","overlay-type":"","overlay-color":"","overlay-opacity":"","overlay-gradient":""},"tablet":{"background-color":"var(--ast-global-color-4)","background-image":"","background-repeat":"repeat","background-position":"center center","background-size":"auto","background-attachment":"scroll","background-type":"","background-media":"","overlay-type":"","overlay-color":"","overlay-opacity":"","overlay-gradient":""},"mobile":{"background-color":"var(--ast-global-color-4)","background-image":"","background-repeat":"repeat","background-position":"center center","background-size":"auto","background-attachment":"scroll","background-type":"","background-media":"","overlay-type":"","overlay-color":"","overlay-opacity":"","overlay-gradient":""}},"_joinchat":[],"footnotes":""},"class_list":["post-557","page","type-page","status-publish","hentry"],"yoast_head":"<!-- This site is optimized with the Yoast SEO plugin v25.3 - https:\/\/yoast.com\/wordpress\/plugins\/seo\/ -->\n<title>Les Hauts Plateaux | Europe Voyages - Madagascar Tours<\/title>\n<meta name=\"robots\" content=\"index, follow, max-snippet:-1, max-image-preview:large, max-video-preview:-1\" \/>\n<link rel=\"canonical\" href=\"https:\/\/europevoyages-madagascartours.com\/en\/les-hauts-plateaux\/\" \/>\n<meta property=\"og:locale\" content=\"en_GB\" \/>\n<meta property=\"og:type\" content=\"article\" \/>\n<meta property=\"og:title\" content=\"Les Hauts Plateaux | Europe Voyages - Madagascar Tours\" \/>\n<meta property=\"og:description\" content=\"Les Hauts Plateaux Les Hauts Plateaux La route qui relie Antananarivo \u00e0 Tul\u00e9ar, suivant la saison, traverse&nbsp; les rizi\u00e8res en [&hellip;]\" \/>\n<meta property=\"og:url\" content=\"https:\/\/europevoyages-madagascartours.com\/en\/les-hauts-plateaux\/\" \/>\n<meta property=\"og:site_name\" content=\"Europe Voyages - Madagascar Tours\" \/>\n<meta property=\"article:modified_time\" content=\"2025-06-12T11:12:53+00:00\" \/>\n<meta property=\"og:image\" content=\"https:\/\/europevoyages-madagascartours.com\/wp-content\/uploads\/2025\/06\/reisterrassen.jpg\" \/>\n<meta name=\"twitter:card\" content=\"summary_large_image\" \/>\n<meta name=\"twitter:label1\" content=\"Estimated reading time\" \/>\n\t<meta name=\"twitter:data1\" content=\"2 minutes\" \/>\n<script type=\"application\/ld+json\" class=\"yoast-schema-graph\">{\"@context\":\"https:\/\/schema.org\",\"@graph\":[{\"@type\":\"WebPage\",\"@id\":\"https:\/\/europevoyages-madagascartours.com\/les-hauts-plateaux\/\",\"url\":\"https:\/\/europevoyages-madagascartours.com\/les-hauts-plateaux\/\",\"name\":\"Les Hauts Plateaux | Europe Voyages - Madagascar Tours\",\"isPartOf\":{\"@id\":\"https:\/\/europevoyages-madagascartours.com\/#website\"},\"primaryImageOfPage\":{\"@id\":\"https:\/\/europevoyages-madagascartours.com\/les-hauts-plateaux\/#primaryimage\"},\"image\":{\"@id\":\"https:\/\/europevoyages-madagascartours.com\/les-hauts-plateaux\/#primaryimage\"},\"thumbnailUrl\":\"https:\/\/europevoyages-madagascartours.com\/wp-content\/uploads\/2025\/06\/reisterrassen.jpg\",\"datePublished\":\"2025-06-12T10:21:46+00:00\",\"dateModified\":\"2025-06-12T11:12:53+00:00\",\"breadcrumb\":{\"@id\":\"https:\/\/europevoyages-madagascartours.com\/les-hauts-plateaux\/#breadcrumb\"},\"inLanguage\":\"en-GB\",\"potentialAction\":[{\"@type\":\"ReadAction\",\"target\":[\"https:\/\/europevoyages-madagascartours.com\/les-hauts-plateaux\/\"]}]},{\"@type\":\"ImageObject\",\"inLanguage\":\"en-GB\",\"@id\":\"https:\/\/europevoyages-madagascartours.com\/les-hauts-plateaux\/#primaryimage\",\"url\":\"https:\/\/europevoyages-madagascartours.com\/wp-content\/uploads\/2025\/06\/reisterrassen.jpg\",\"contentUrl\":\"https:\/\/europevoyages-madagascartours.com\/wp-content\/uploads\/2025\/06\/reisterrassen.jpg\"},{\"@type\":\"BreadcrumbList\",\"@id\":\"https:\/\/europevoyages-madagascartours.com\/les-hauts-plateaux\/#breadcrumb\",\"itemListElement\":[{\"@type\":\"ListItem\",\"position\":1,\"name\":\"Accueil\",\"item\":\"https:\/\/europevoyages-madagascartours.com\/\"},{\"@type\":\"ListItem\",\"position\":2,\"name\":\"Les Hauts Plateaux\"}]},{\"@type\":\"WebSite\",\"@id\":\"https:\/\/europevoyages-madagascartours.com\/#website\",\"url\":\"https:\/\/europevoyages-madagascartours.com\/\",\"name\":\"Europe Voyages - Madagascar Tours\",\"description\":\"Circuits touristiques personnalis\u00e9s &amp; voyages en groupe\",\"publisher\":{\"@id\":\"https:\/\/europevoyages-madagascartours.com\/#organization\"},\"alternateName\":\"Europevoyages\",\"potentialAction\":[{\"@type\":\"SearchAction\",\"target\":{\"@type\":\"EntryPoint\",\"urlTemplate\":\"https:\/\/europevoyages-madagascartours.com\/?s={search_term_string}\"},\"query-input\":{\"@type\":\"PropertyValueSpecification\",\"valueRequired\":true,\"valueName\":\"search_term_string\"}}],\"inLanguage\":\"en-GB\"},{\"@type\":\"Organization\",\"@id\":\"https:\/\/europevoyages-madagascartours.com\/#organization\",\"name\":\"Europevoyages-madagascartours\",\"url\":\"https:\/\/europevoyages-madagascartours.com\/\",\"logo\":{\"@type\":\"ImageObject\",\"inLanguage\":\"en-GB\",\"@id\":\"https:\/\/europevoyages-madagascartours.com\/#\/schema\/logo\/image\/\",\"url\":\"https:\/\/europevoyages-madagascartours.com\/wp-content\/uploads\/2025\/06\/logoev.gif\",\"contentUrl\":\"https:\/\/europevoyages-madagascartours.com\/wp-content\/uploads\/2025\/06\/logoev.gif\",\"width\":340,\"height\":227,\"caption\":\"Europevoyages-madagascartours\"},\"image\":{\"@id\":\"https:\/\/europevoyages-madagascartours.com\/#\/schema\/logo\/image\/\"}}]}<\/script>\n<!-- \/ Yoast SEO plugin. -->","yoast_head_json":{"title":"Les Hauts Plateaux | Europe Voyages - Madagascar Tours","robots":{"index":"index","follow":"follow","max-snippet":"max-snippet:-1","max-image-preview":"max-image-preview:large","max-video-preview":"max-video-preview:-1"},"canonical":"https:\/\/europevoyages-madagascartours.com\/en\/les-hauts-plateaux\/","og_locale":"en_GB","og_type":"article","og_title":"Les Hauts Plateaux | Europe Voyages - Madagascar Tours","og_description":"Les Hauts Plateaux Les Hauts Plateaux La route qui relie Antananarivo \u00e0 Tul\u00e9ar, suivant la saison, traverse&nbsp; les rizi\u00e8res en [&hellip;]","og_url":"https:\/\/europevoyages-madagascartours.com\/en\/les-hauts-plateaux\/","og_site_name":"Europe Voyages - Madagascar Tours","article_modified_time":"2025-06-12T11:12:53+00:00","og_image":[{"url":"https:\/\/europevoyages-madagascartours.com\/wp-content\/uploads\/2025\/06\/reisterrassen.jpg","type":"","width":"","height":""}],"twitter_card":"summary_large_image","twitter_misc":{"Estimated reading time":"2 minutes"},"schema":{"@context":"https:\/\/schema.org","@graph":[{"@type":"WebPage","@id":"https:\/\/europevoyages-madagascartours.com\/les-hauts-plateaux\/","url":"https:\/\/europevoyages-madagascartours.com\/les-hauts-plateaux\/","name":"Les Hauts Plateaux | Europe Voyages - Madagascar Tours","isPartOf":{"@id":"https:\/\/europevoyages-madagascartours.com\/#website"},"primaryImageOfPage":{"@id":"https:\/\/europevoyages-madagascartours.com\/les-hauts-plateaux\/#primaryimage"},"image":{"@id":"https:\/\/europevoyages-madagascartours.com\/les-hauts-plateaux\/#primaryimage"},"thumbnailUrl":"https:\/\/europevoyages-madagascartours.com\/wp-content\/uploads\/2025\/06\/reisterrassen.jpg","datePublished":"2025-06-12T10:21:46+00:00","dateModified":"2025-06-12T11:12:53+00:00","breadcrumb":{"@id":"https:\/\/europevoyages-madagascartours.com\/les-hauts-plateaux\/#breadcrumb"},"inLanguage":"en-GB","potentialAction":[{"@type":"ReadAction","target":["https:\/\/europevoyages-madagascartours.com\/les-hauts-plateaux\/"]}]},{"@type":"ImageObject","inLanguage":"en-GB","@id":"https:\/\/europevoyages-madagascartours.com\/les-hauts-plateaux\/#primaryimage","url":"https:\/\/europevoyages-madagascartours.com\/wp-content\/uploads\/2025\/06\/reisterrassen.jpg","contentUrl":"https:\/\/europevoyages-madagascartours.com\/wp-content\/uploads\/2025\/06\/reisterrassen.jpg"},{"@type":"BreadcrumbList","@id":"https:\/\/europevoyages-madagascartours.com\/les-hauts-plateaux\/#breadcrumb","itemListElement":[{"@type":"ListItem","position":1,"name":"Accueil","item":"https:\/\/europevoyages-madagascartours.com\/"},{"@type":"ListItem","position":2,"name":"Les Hauts Plateaux"}]},{"@type":"WebSite","@id":"https:\/\/europevoyages-madagascartours.com\/#website","url":"https:\/\/europevoyages-madagascartours.com\/","name":"Europe Voyages - Madagascar Tours","description":"Circuits touristiques personnalis\u00e9s &amp; voyages en groupe","publisher":{"@id":"https:\/\/europevoyages-madagascartours.com\/#organization"},"alternateName":"Europevoyages","potentialAction":[{"@type":"SearchAction","target":{"@type":"EntryPoint","urlTemplate":"https:\/\/europevoyages-madagascartours.com\/?s={search_term_string}"},"query-input":{"@type":"PropertyValueSpecification","valueRequired":true,"valueName":"search_term_string"}}],"inLanguage":"en-GB"},{"@type":"Organization","@id":"https:\/\/europevoyages-madagascartours.com\/#organization","name":"Europevoyages-madagascartours","url":"https:\/\/europevoyages-madagascartours.com\/","logo":{"@type":"ImageObject","inLanguage":"en-GB","@id":"https:\/\/europevoyages-madagascartours.com\/#\/schema\/logo\/image\/","url":"https:\/\/europevoyages-madagascartours.com\/wp-content\/uploads\/2025\/06\/logoev.gif","contentUrl":"https:\/\/europevoyages-madagascartours.com\/wp-content\/uploads\/2025\/06\/logoev.gif","width":340,"height":227,"caption":"Europevoyages-madagascartours"},"image":{"@id":"https:\/\/europevoyages-madagascartours.com\/#\/schema\/logo\/image\/"}}]}},"uagb_featured_image_src":{"full":false,"thumbnail":false,"medium":false,"medium_large":false,"large":false,"1536x1536":false,"2048x2048":false,"trp-custom-language-flag":false},"uagb_author_info":{"display_name":"herve besson","author_link":"https:\/\/europevoyages-madagascartours.com\/en\/author\/admin_herve\/"},"uagb_comment_info":0,"uagb_excerpt":"Les Hauts Plateaux Les Hauts Plateaux La route qui relie Antananarivo \u00e0 Tul\u00e9ar, suivant la saison, traverse&nbsp; les rizi\u00e8res en [&hellip;]","_links":{"self":[{"href":"https:\/\/europevoyages-madagascartours.com\/en\/wp-json\/wp\/v2\/pages\/557","targetHints":{"allow":["GET"]}}],"collection":[{"href":"https:\/\/europevoyages-madagascartours.com\/en\/wp-json\/wp\/v2\/pages"}],"about":[{"href":"https:\/\/europevoyages-madagascartours.com\/en\/wp-json\/wp\/v2\/types\/page"}],"author":[{"embeddable":true,"href":"https:\/\/europevoyages-madagascartours.com\/en\/wp-json\/wp\/v2\/users\/2"}],"replies":[{"embeddable":true,"href":"https:\/\/europevoyages-madagascartours.com\/en\/wp-json\/wp\/v2\/comments?post=557"}],"version-history":[{"count":2,"href":"https:\/\/europevoyages-madagascartours.com\/en\/wp-json\/wp\/v2\/pages\/557\/revisions"}],"predecessor-version":[{"id":615,"href":"https:\/\/europevoyages-madagascartours.com\/en\/wp-json\/wp\/v2\/pages\/557\/revisions\/615"}],"wp:attachment":[{"href":"https:\/\/europevoyages-madagascartours.com\/en\/wp-json\/wp\/v2\/media?parent=557"}],"curies":[{"name":"wp","href":"https:\/\/api.w.org\/{rel}","templated":true}]}}